{"id":392,"date":"2024-01-10T15:03:17","date_gmt":"2024-01-10T14:03:17","guid":{"rendered":"https:\/\/www.lepus.sk\/?product=eierna-damska-eiapky-shinie"},"modified":"2024-01-10T15:03:51","modified_gmt":"2024-01-10T14:03:51","slug":"tmavo-fialove-3-4-%c2%9aportove-leginy-eb030","status":"publish","type":"product","link":"https:\/\/www.lepus.sk\/?product=tmavo-fialove-3-4-%c2%9aportove-leginy-eb030","title":{"rendered":"Tmavo fialov\u00e9 3\/4 \u009aportov\u00e9 leg\u00edny EB030"},"content":{"rendered":"<p style=\"text-align: justify;\"><span style=\"font-size:14px;\">\u008at\u00fdlov\u00e9 <strong>\u009aportov\u00e9 leg\u00edny<\/strong> s\u00a0n\u00e1pismi a\u00a0aplik\u00e1ciami. V\u00a0p\u00e1se s\u00fa \u009an\u00farky. V\u00a0prednej \u00e8asti sa na boku nach\u00e1dza mal\u00fd n\u00e1pis. Na ich zadnej \u00e8asti je umiesten\u00fd ve\u00bek\u00fd n\u00e1pis. Pohodln\u00fd k\u00fasok, v\u00a0ktorom m\u00f4\u009eete vykon\u00e1va\u009d v\u009aetky ob\u00be\u00faben\u00e9 vo\u00beno\u00e8asov\u00e9 aktivity.<\/span><\/p>\n<p style=\"text-align: justify;\"><span style=\"font-size:14px;\"><strong>Materi\u00e1lov\u00e9 zlo\u009eenie: <\/strong><\/span><\/p>\n<ul>\n<li style=\"text-align: justify;\"><span style=\"font-size:14px;\">85% polyester, <\/span><\/li>\n<li style=\"text-align: justify;\"><span style=\"font-size:14px;\">15% elastan<\/span><\/li>\n<\/ul>\n<p><\/p>\n","protected":false},"excerpt":{"rendered":"<p>\u00c8ierno fialov\u00e9 d\u00e1mske leg\u00edny troj\u009atvr\u009dov\u00e9ho strihu<\/p>\n","protected":false},"featured_media":0,"comment_status":"closed","ping_status":"open","template":"","meta":{"_monsterinsights_skip_tracking":false,"_monsterinsights_sitenote_active":false,"_monsterinsights_sitenote_note":"","_monsterinsights_sitenote_category":0},"product_cat":[39,38],"product_tag":[],"yoast_head":"<!-- This site is optimized with the Yoast SEO plugin v21.7 - https:\/\/yoast.com\/wordpress\/plugins\/seo\/ -->\n<title>Tmavo fialov\u00e9 3\/4 \u009aportov\u00e9 leg\u00edny EB030 - LEPUS<\/title>\n<meta name=\"robots\" content=\"index, follow, max-snippet:-1, max-image-preview:large, max-video-preview:-1\" \/>\n<link rel=\"canonical\" href=\"https:\/\/www.lepus.sk\/?product=tmavo-fialove-3-4-\u009aportove-leginy-eb030\" \/>\n<meta property=\"og:locale\" content=\"sk_SK\" \/>\n<meta property=\"og:type\" content=\"article\" \/>\n<meta property=\"og:title\" content=\"Tmavo fialov\u00e9 3\/4 \u009aportov\u00e9 leg\u00edny EB030 - LEPUS\" \/>\n<meta property=\"og:description\" content=\"\u00c8ierno fialov\u00e9 d\u00e1mske leg\u00edny troj\u009atvr\u009dov\u00e9ho strihu\" \/>\n<meta property=\"og:url\" content=\"https:\/\/www.lepus.sk\/?product=tmavo-fialove-3-4-\u009aportove-leginy-eb030\" \/>\n<meta property=\"og:site_name\" content=\"LEPUS\" \/>\n<meta property=\"article:modified_time\" content=\"2024-01-10T14:03:51+00:00\" \/>\n<meta property=\"og:image\" content=\"https:\/\/www.lepus.sk\/wp-content\/uploads\/2024\/01\/1260-2_tmavo-fialove-3-4-sportove-leginy-eb030.jpg\" \/>\n\t<meta property=\"og:image:width\" content=\"1500\" \/>\n\t<meta property=\"og:image:height\" content=\"2000\" \/>\n\t<meta property=\"og:image:type\" content=\"image\/jpeg\" \/>\n<meta name=\"twitter:card\" content=\"summary_large_image\" \/>\n<meta name=\"twitter:label1\" content=\"Predpokladan\u00fd \u010das \u010d\u00edtania\" \/>\n\t<meta name=\"twitter:data1\" content=\"1 min\u00fata\" \/>\n<script type=\"application\/ld+json\" class=\"yoast-schema-graph\">{\"@context\":\"https:\/\/schema.org\",\"@graph\":[{\"@type\":\"WebPage\",\"@id\":\"https:\/\/www.lepus.sk\/?product=tmavo-fialove-3-4-%c2%9aportove-leginy-eb030\",\"url\":\"https:\/\/www.lepus.sk\/?product=tmavo-fialove-3-4-%c2%9aportove-leginy-eb030\",\"name\":\"Tmavo fialov\u00e9 3\/4 \u009aportov\u00e9 leg\u00edny EB030 - LEPUS\",\"isPartOf\":{\"@id\":\"https:\/\/www.lepus.sk\/#website\"},\"datePublished\":\"2024-01-10T14:03:17+00:00\",\"dateModified\":\"2024-01-10T14:03:51+00:00\",\"breadcrumb\":{\"@id\":\"https:\/\/www.lepus.sk\/?product=tmavo-fialove-3-4-%c2%9aportove-leginy-eb030#breadcrumb\"},\"inLanguage\":\"sk-SK\",\"potentialAction\":[{\"@type\":\"ReadAction\",\"target\":[\"https:\/\/www.lepus.sk\/?product=tmavo-fialove-3-4-%c2%9aportove-leginy-eb030\"]}]},{\"@type\":\"BreadcrumbList\",\"@id\":\"https:\/\/www.lepus.sk\/?product=tmavo-fialove-3-4-%c2%9aportove-leginy-eb030#breadcrumb\",\"itemListElement\":[{\"@type\":\"ListItem\",\"position\":1,\"name\":\"Home\",\"item\":\"https:\/\/www.lepus.sk\/\"},{\"@type\":\"ListItem\",\"position\":2,\"name\":\"Tmavo fialov\u00e9 3\/4 \u009aportov\u00e9 leg\u00edny EB030\"}]},{\"@type\":\"WebSite\",\"@id\":\"https:\/\/www.lepus.sk\/#website\",\"url\":\"https:\/\/www.lepus.sk\/\",\"name\":\"LEPUS\",\"description\":\"\",\"publisher\":{\"@id\":\"https:\/\/www.lepus.sk\/#organization\"},\"potentialAction\":[{\"@type\":\"SearchAction\",\"target\":{\"@type\":\"EntryPoint\",\"urlTemplate\":\"https:\/\/www.lepus.sk\/?s={search_term_string}\"},\"query-input\":\"required name=search_term_string\"}],\"inLanguage\":\"sk-SK\"},{\"@type\":\"Organization\",\"@id\":\"https:\/\/www.lepus.sk\/#organization\",\"name\":\"LEPUS\",\"url\":\"https:\/\/www.lepus.sk\/\",\"logo\":{\"@type\":\"ImageObject\",\"inLanguage\":\"sk-SK\",\"@id\":\"https:\/\/www.lepus.sk\/#\/schema\/logo\/image\/\",\"url\":\"https:\/\/www.lepus.sk\/wp-content\/uploads\/2024\/01\/lepus-01.png\",\"contentUrl\":\"https:\/\/www.lepus.sk\/wp-content\/uploads\/2024\/01\/lepus-01.png\",\"width\":3300,\"height\":1108,\"caption\":\"LEPUS\"},\"image\":{\"@id\":\"https:\/\/www.lepus.sk\/#\/schema\/logo\/image\/\"}}]}<\/script>\n<!-- \/ Yoast SEO plugin. -->","yoast_head_json":{"title":"Tmavo fialov\u00e9 3\/4 \u009aportov\u00e9 leg\u00edny EB030 - LEPUS","robots":{"index":"index","follow":"follow","max-snippet":"max-snippet:-1","max-image-preview":"max-image-preview:large","max-video-preview":"max-video-preview:-1"},"canonical":"https:\/\/www.lepus.sk\/?product=tmavo-fialove-3-4-\u009aportove-leginy-eb030","og_locale":"sk_SK","og_type":"article","og_title":"Tmavo fialov\u00e9 3\/4 \u009aportov\u00e9 leg\u00edny EB030 - LEPUS","og_description":"\u00c8ierno fialov\u00e9 d\u00e1mske leg\u00edny troj\u009atvr\u009dov\u00e9ho strihu","og_url":"https:\/\/www.lepus.sk\/?product=tmavo-fialove-3-4-\u009aportove-leginy-eb030","og_site_name":"LEPUS","article_modified_time":"2024-01-10T14:03:51+00:00","og_image":[{"width":1500,"height":2000,"url":"https:\/\/www.lepus.sk\/wp-content\/uploads\/2024\/01\/1260-2_tmavo-fialove-3-4-sportove-leginy-eb030.jpg","type":"image\/jpeg"}],"twitter_card":"summary_large_image","twitter_misc":{"Predpokladan\u00fd \u010das \u010d\u00edtania":"1 min\u00fata"},"schema":{"@context":"https:\/\/schema.org","@graph":[{"@type":"WebPage","@id":"https:\/\/www.lepus.sk\/?product=tmavo-fialove-3-4-%c2%9aportove-leginy-eb030","url":"https:\/\/www.lepus.sk\/?product=tmavo-fialove-3-4-%c2%9aportove-leginy-eb030","name":"Tmavo fialov\u00e9 3\/4 \u009aportov\u00e9 leg\u00edny EB030 - LEPUS","isPartOf":{"@id":"https:\/\/www.lepus.sk\/#website"},"datePublished":"2024-01-10T14:03:17+00:00","dateModified":"2024-01-10T14:03:51+00:00","breadcrumb":{"@id":"https:\/\/www.lepus.sk\/?product=tmavo-fialove-3-4-%c2%9aportove-leginy-eb030#breadcrumb"},"inLanguage":"sk-SK","potentialAction":[{"@type":"ReadAction","target":["https:\/\/www.lepus.sk\/?product=tmavo-fialove-3-4-%c2%9aportove-leginy-eb030"]}]},{"@type":"BreadcrumbList","@id":"https:\/\/www.lepus.sk\/?product=tmavo-fialove-3-4-%c2%9aportove-leginy-eb030#breadcrumb","itemListElement":[{"@type":"ListItem","position":1,"name":"Home","item":"https:\/\/www.lepus.sk\/"},{"@type":"ListItem","position":2,"name":"Tmavo fialov\u00e9 3\/4 \u009aportov\u00e9 leg\u00edny EB030"}]},{"@type":"WebSite","@id":"https:\/\/www.lepus.sk\/#website","url":"https:\/\/www.lepus.sk\/","name":"LEPUS","description":"","publisher":{"@id":"https:\/\/www.lepus.sk\/#organization"},"potentialAction":[{"@type":"SearchAction","target":{"@type":"EntryPoint","urlTemplate":"https:\/\/www.lepus.sk\/?s={search_term_string}"},"query-input":"required name=search_term_string"}],"inLanguage":"sk-SK"},{"@type":"Organization","@id":"https:\/\/www.lepus.sk\/#organization","name":"LEPUS","url":"https:\/\/www.lepus.sk\/","logo":{"@type":"ImageObject","inLanguage":"sk-SK","@id":"https:\/\/www.lepus.sk\/#\/schema\/logo\/image\/","url":"https:\/\/www.lepus.sk\/wp-content\/uploads\/2024\/01\/lepus-01.png","contentUrl":"https:\/\/www.lepus.sk\/wp-content\/uploads\/2024\/01\/lepus-01.png","width":3300,"height":1108,"caption":"LEPUS"},"image":{"@id":"https:\/\/www.lepus.sk\/#\/schema\/logo\/image\/"}}]}},"_links":{"self":[{"href":"https:\/\/www.lepus.sk\/index.php?rest_route=\/wp\/v2\/product\/392"}],"collection":[{"href":"https:\/\/www.lepus.sk\/index.php?rest_route=\/wp\/v2\/product"}],"about":[{"href":"https:\/\/www.lepus.sk\/index.php?rest_route=\/wp\/v2\/types\/product"}],"replies":[{"embeddable":true,"href":"https:\/\/www.lepus.sk\/index.php?rest_route=%2Fwp%2Fv2%2Fcomments&post=392"}],"wp:attachment":[{"href":"https:\/\/www.lepus.sk\/index.php?rest_route=%2Fwp%2Fv2%2Fmedia&parent=392"}],"wp:term":[{"taxonomy":"product_cat","embeddable":true,"href":"https:\/\/www.lepus.sk\/index.php?rest_route=%2Fwp%2Fv2%2Fproduct_cat&post=392"},{"taxonomy":"product_tag","embeddable":true,"href":"https:\/\/www.lepus.sk\/index.php?rest_route=%2Fwp%2Fv2%2Fproduct_tag&post=392"}],"curies":[{"name":"wp","href":"https:\/\/api.w.org\/{rel}","templated":true}]}}