{"id":89,"date":"2024-01-05T11:53:52","date_gmt":"2024-01-05T10:53:52","guid":{"rendered":"https:\/\/www.lepus.sk\/?page_id=89"},"modified":"2024-01-10T14:20:25","modified_gmt":"2024-01-10T13:20:25","slug":"kosik","status":"publish","type":"page","link":"https:\/\/www.lepus.sk\/?page_id=89","title":{"rendered":"Ko\u0161\u00edk"},"content":{"rendered":"\t\t<div data-elementor-type=\"wp-page\" data-elementor-id=\"89\" class=\"elementor elementor-89\" data-elementor-post-type=\"page\">\n\t\t\t\t\t\t\t<div class=\"elementor-element elementor-element-651b0ed8 e-flex e-con-boxed e-con e-parent\" data-id=\"651b0ed8\" data-element_type=\"container\" data-settings=\"{&quot;background_background&quot;:&quot;classic&quot;,&quot;container_type&quot;:&quot;flex&quot;,&quot;content_width&quot;:&quot;boxed&quot;}\" data-core-v316-plus=\"true\">\n\t\t\t\t\t<div class=\"e-con-inner\">\n\t\t\t\t<div class=\"elementor-element elementor-element-502e5987 elementor-widget-mobile__width-inherit e-cart-layout-two-column elementor-widget elementor-widget-woocommerce-cart\" data-id=\"502e5987\" data-element_type=\"widget\" data-settings=\"{&quot;sticky_right_column&quot;:&quot;yes&quot;}\" data-widget_type=\"woocommerce-cart.default\">\n\t\t\t\t<div class=\"elementor-widget-container\">\n\t\t\t<link rel=\"stylesheet\" href=\"https:\/\/www.lepus.sk\/wp-content\/plugins\/elementor-pro\/assets\/css\/widget-woocommerce.min.css\"><div class=\"woocommerce\"><div class=\"woocommerce-notices-wrapper\"><\/div><div class=\"wc-empty-cart-message\">\n\t<div class=\"cart-empty woocommerce-info\">\n\t\tV\u00e1\u0161 ko\u0161\u00edk je pr\u00e1zdny.\t<\/div>\n<\/div>\t<p class=\"return-to-shop\">\n\t\t<a class=\"button wc-backward\" href=\"https:\/\/www.lepus.sk\/?page_id=102\">\n\t\t\tVr\u00e1ti\u0165 sa do obchodu\t\t<\/a>\n\t<\/p>\n<\/div>\t\t<\/div>\n\t\t\t\t<\/div>\n\t\t\t\t\t<\/div>\n\t\t\t\t<\/div>\n\t\t\t\t\t\t\t<\/div>\n\t\t","protected":false},"excerpt":{"rendered":"<p>V\u00e1\u0161 ko\u0161\u00edk je pr\u00e1zdny. Vr\u00e1ti\u0165 sa do obchodu<\/p>\n","protected":false},"author":1,"featured_media":92,"parent":0,"menu_order":0,"comment_status":"closed","ping_status":"closed","template":"elementor_header_footer","meta":{"_monsterinsights_skip_tracking":false,"_monsterinsights_sitenote_active":false,"_monsterinsights_sitenote_note":"","_monsterinsights_sitenote_category":0,"footnotes":""},"yoast_head":"<!-- This site is optimized with the Yoast SEO plugin v21.7 - https:\/\/yoast.com\/wordpress\/plugins\/seo\/ -->\n<title>Ko\u0161\u00edk - LEPUS<\/title>\n<meta name=\"robots\" content=\"index, follow, max-snippet:-1, max-image-preview:large, max-video-preview:-1\" \/>\n<link rel=\"canonical\" href=\"https:\/\/www.lepus.sk\/?page_id=89\" \/>\n<meta property=\"og:locale\" content=\"sk_SK\" \/>\n<meta property=\"og:type\" content=\"article\" \/>\n<meta property=\"og:title\" content=\"Ko\u0161\u00edk - LEPUS\" \/>\n<meta property=\"og:description\" content=\"V\u00e1\u0161 ko\u0161\u00edk je pr\u00e1zdny. Vr\u00e1ti\u0165 sa do obchodu\" \/>\n<meta property=\"og:url\" content=\"https:\/\/www.lepus.sk\/?page_id=89\" \/>\n<meta property=\"og:site_name\" content=\"LEPUS\" \/>\n<meta property=\"article:modified_time\" content=\"2024-01-10T13:20:25+00:00\" \/>\n<meta property=\"og:image\" content=\"https:\/\/www.lepus.sk\/wp-content\/uploads\/2024\/01\/CArt.jpg\" \/>\n\t<meta property=\"og:image:width\" content=\"400\" \/>\n\t<meta property=\"og:image:height\" content=\"380\" \/>\n\t<meta property=\"og:image:type\" content=\"image\/jpeg\" \/>\n<meta name=\"twitter:card\" content=\"summary_large_image\" \/>\n<script type=\"application\/ld+json\" class=\"yoast-schema-graph\">{\"@context\":\"https:\/\/schema.org\",\"@graph\":[{\"@type\":\"WebPage\",\"@id\":\"https:\/\/www.lepus.sk\/?page_id=89\",\"url\":\"https:\/\/www.lepus.sk\/?page_id=89\",\"name\":\"Ko\u0161\u00edk - LEPUS\",\"isPartOf\":{\"@id\":\"https:\/\/www.lepus.sk\/#website\"},\"datePublished\":\"2024-01-05T10:53:52+00:00\",\"dateModified\":\"2024-01-10T13:20:25+00:00\",\"breadcrumb\":{\"@id\":\"https:\/\/www.lepus.sk\/?page_id=89#breadcrumb\"},\"inLanguage\":\"sk-SK\",\"potentialAction\":[{\"@type\":\"ReadAction\",\"target\":[\"https:\/\/www.lepus.sk\/?page_id=89\"]}]},{\"@type\":\"BreadcrumbList\",\"@id\":\"https:\/\/www.lepus.sk\/?page_id=89#breadcrumb\",\"itemListElement\":[{\"@type\":\"ListItem\",\"position\":1,\"name\":\"Home\",\"item\":\"https:\/\/www.lepus.sk\/\"},{\"@type\":\"ListItem\",\"position\":2,\"name\":\"Ko\u0161\u00edk\"}]},{\"@type\":\"WebSite\",\"@id\":\"https:\/\/www.lepus.sk\/#website\",\"url\":\"https:\/\/www.lepus.sk\/\",\"name\":\"LEPUS\",\"description\":\"\",\"publisher\":{\"@id\":\"https:\/\/www.lepus.sk\/#organization\"},\"potentialAction\":[{\"@type\":\"SearchAction\",\"target\":{\"@type\":\"EntryPoint\",\"urlTemplate\":\"https:\/\/www.lepus.sk\/?s={search_term_string}\"},\"query-input\":\"required name=search_term_string\"}],\"inLanguage\":\"sk-SK\"},{\"@type\":\"Organization\",\"@id\":\"https:\/\/www.lepus.sk\/#organization\",\"name\":\"LEPUS\",\"url\":\"https:\/\/www.lepus.sk\/\",\"logo\":{\"@type\":\"ImageObject\",\"inLanguage\":\"sk-SK\",\"@id\":\"https:\/\/www.lepus.sk\/#\/schema\/logo\/image\/\",\"url\":\"https:\/\/www.lepus.sk\/wp-content\/uploads\/2024\/01\/lepus-01.png\",\"contentUrl\":\"https:\/\/www.lepus.sk\/wp-content\/uploads\/2024\/01\/lepus-01.png\",\"width\":3300,\"height\":1108,\"caption\":\"LEPUS\"},\"image\":{\"@id\":\"https:\/\/www.lepus.sk\/#\/schema\/logo\/image\/\"}}]}<\/script>\n<!-- \/ Yoast SEO plugin. -->","yoast_head_json":{"title":"Ko\u0161\u00edk - LEPUS","robots":{"index":"index","follow":"follow","max-snippet":"max-snippet:-1","max-image-preview":"max-image-preview:large","max-video-preview":"max-video-preview:-1"},"canonical":"https:\/\/www.lepus.sk\/?page_id=89","og_locale":"sk_SK","og_type":"article","og_title":"Ko\u0161\u00edk - LEPUS","og_description":"V\u00e1\u0161 ko\u0161\u00edk je pr\u00e1zdny. Vr\u00e1ti\u0165 sa do obchodu","og_url":"https:\/\/www.lepus.sk\/?page_id=89","og_site_name":"LEPUS","article_modified_time":"2024-01-10T13:20:25+00:00","og_image":[{"width":400,"height":380,"url":"https:\/\/www.lepus.sk\/wp-content\/uploads\/2024\/01\/CArt.jpg","type":"image\/jpeg"}],"twitter_card":"summary_large_image","schema":{"@context":"https:\/\/schema.org","@graph":[{"@type":"WebPage","@id":"https:\/\/www.lepus.sk\/?page_id=89","url":"https:\/\/www.lepus.sk\/?page_id=89","name":"Ko\u0161\u00edk - LEPUS","isPartOf":{"@id":"https:\/\/www.lepus.sk\/#website"},"datePublished":"2024-01-05T10:53:52+00:00","dateModified":"2024-01-10T13:20:25+00:00","breadcrumb":{"@id":"https:\/\/www.lepus.sk\/?page_id=89#breadcrumb"},"inLanguage":"sk-SK","potentialAction":[{"@type":"ReadAction","target":["https:\/\/www.lepus.sk\/?page_id=89"]}]},{"@type":"BreadcrumbList","@id":"https:\/\/www.lepus.sk\/?page_id=89#breadcrumb","itemListElement":[{"@type":"ListItem","position":1,"name":"Home","item":"https:\/\/www.lepus.sk\/"},{"@type":"ListItem","position":2,"name":"Ko\u0161\u00edk"}]},{"@type":"WebSite","@id":"https:\/\/www.lepus.sk\/#website","url":"https:\/\/www.lepus.sk\/","name":"LEPUS","description":"","publisher":{"@id":"https:\/\/www.lepus.sk\/#organization"},"potentialAction":[{"@type":"SearchAction","target":{"@type":"EntryPoint","urlTemplate":"https:\/\/www.lepus.sk\/?s={search_term_string}"},"query-input":"required name=search_term_string"}],"inLanguage":"sk-SK"},{"@type":"Organization","@id":"https:\/\/www.lepus.sk\/#organization","name":"LEPUS","url":"https:\/\/www.lepus.sk\/","logo":{"@type":"ImageObject","inLanguage":"sk-SK","@id":"https:\/\/www.lepus.sk\/#\/schema\/logo\/image\/","url":"https:\/\/www.lepus.sk\/wp-content\/uploads\/2024\/01\/lepus-01.png","contentUrl":"https:\/\/www.lepus.sk\/wp-content\/uploads\/2024\/01\/lepus-01.png","width":3300,"height":1108,"caption":"LEPUS"},"image":{"@id":"https:\/\/www.lepus.sk\/#\/schema\/logo\/image\/"}}]}},"_links":{"self":[{"href":"https:\/\/www.lepus.sk\/index.php?rest_route=\/wp\/v2\/pages\/89"}],"collection":[{"href":"https:\/\/www.lepus.sk\/index.php?rest_route=\/wp\/v2\/pages"}],"about":[{"href":"https:\/\/www.lepus.sk\/index.php?rest_route=\/wp\/v2\/types\/page"}],"author":[{"embeddable":true,"href":"https:\/\/www.lepus.sk\/index.php?rest_route=\/wp\/v2\/users\/1"}],"replies":[{"embeddable":true,"href":"https:\/\/www.lepus.sk\/index.php?rest_route=%2Fwp%2Fv2%2Fcomments&post=89"}],"version-history":[{"count":5,"href":"https:\/\/www.lepus.sk\/index.php?rest_route=\/wp\/v2\/pages\/89\/revisions"}],"predecessor-version":[{"id":401,"href":"https:\/\/www.lepus.sk\/index.php?rest_route=\/wp\/v2\/pages\/89\/revisions\/401"}],"wp:featuredmedia":[{"embeddable":true,"href":"https:\/\/www.lepus.sk\/index.php?rest_route=\/wp\/v2\/media\/92"}],"wp:attachment":[{"href":"https:\/\/www.lepus.sk\/index.php?rest_route=%2Fwp%2Fv2%2Fmedia&parent=89"}],"curies":[{"name":"wp","href":"https:\/\/api.w.org\/{rel}","templated":true}]}}